{"id":487,"date":"2025-03-07T10:58:27","date_gmt":"2025-03-07T10:58:27","guid":{"rendered":"https:\/\/ecolefrancothaie.org\/?page_id=487"},"modified":"2025-12-27T18:22:43","modified_gmt":"2025-12-27T15:22:43","slug":"contact","status":"publish","type":"page","link":"https:\/\/portugalbetano.com\/pt\/contact\/","title":{"rendered":"Contacto"},"content":{"rendered":"\n<h2 class=\"wp-block-heading\">Apoio ao Cliente<\/h2>\n\n\n\n<p>Envia-nos um e-mail: <a href=\"mailto:support@portugalbetano.com\">support@portugalbetano.com<\/a><\/p>\n\n\n\n<h2 class=\"wp-block-heading\">Parcerias<\/h2>\n\n\n\n<p>Envia-nos um e-mail: <a href=\"mailto:partners@portugalbetano.com\">partners@portugalbetano.com<\/a><\/p>\n\n\n\n<h2 class=\"wp-block-heading\">Imprensa<\/h2>\n\n\n\n<p>Envia-nos um e-mail: <a href=\"mailto:press@portugalbetano.com\">press@portugalbetano.com<\/a><\/p>\n\n\n\n<p><\/p>\n\n\n\n<center><iframe src=\"https:\/\/www.google.com\/maps\/embed?pb=!1m18!1m12!1m3!1d12452.045156125478!2d-9.1618613921875!3d38.71754980000002!2m3!1f0!2f0!3f0!3m2!1i1024!2i768!4f13.1!3m3!1m2!1s0xd1933003c9ff65b%3A0xb6c3101575d6acb6!2sHacken%20Office!5e0!3m2!1sen!2sat!4v1766844991131!5m2!1sen!2sat\" width=\"600\" height=\"450\" style=\"border:0;\" allowfullscreen=\"\" loading=\"lazy\" referrerpolicy=\"no-referrer-when-downgrade\"><\/iframe><center>\n\n\n\n<p><\/p>\n","protected":false},"excerpt":{"rendered":"<p>Apoio ao Cliente Envia-nos um e-mail: support@portugalbetano.com Parcerias Envia-nos um e-mail: partners@portugalbetano.com Imprensa Envia-nos um e-mail: press@portugalbetano.com<\/p>\n","protected":false},"author":1,"featured_media":0,"parent":0,"menu_order":0,"comment_status":"closed","ping_status":"closed","template":"","meta":{"_acf_changed":false,"inline_featured_image":false,"footnotes":""},"class_list":{"1":"page"},"acf":[],"yoast_head":"<!-- This site is optimized with the Yoast SEO plugin v25.1 - https:\/\/yoast.com\/wordpress\/plugins\/seo\/ -->\n<title>Contacto {BRAND_NAME} \u2013 Suporte ao Cliente &amp; Assist\u00eancia 24\/7<\/title>\n<meta name=\"description\" content=\"Entre em contacto com a {BRAND_NAME}. O nosso suporte ao cliente est\u00e1 dispon\u00edvel todos os dias e ajuda rapidamente com quest\u00f5es sobre conta, pagamentos, b\u00f3nus ou jogos. Utilize e-mail, chat ao vivo ou o formul\u00e1rio de contacto.\" \/>\n<meta name=\"robots\" content=\"index, follow, max-snippet:-1, max-image-preview:large, max-video-preview:-1\" \/>\n<link rel=\"canonical\" href=\"https:\/\/portugalbetano.com\/pt\/contact\/\" \/>\n<meta property=\"og:locale\" content=\"pt_PT\" \/>\n<meta property=\"og:type\" content=\"article\" \/>\n<meta property=\"og:title\" content=\"Contacto {BRAND_NAME} \u2013 Suporte ao Cliente &amp; Assist\u00eancia 24\/7\" \/>\n<meta property=\"og:description\" content=\"Entre em contacto com a {BRAND_NAME}. O nosso suporte ao cliente est\u00e1 dispon\u00edvel todos os dias e ajuda rapidamente com quest\u00f5es sobre conta, pagamentos, b\u00f3nus ou jogos. Utilize e-mail, chat ao vivo ou o formul\u00e1rio de contacto.\" \/>\n<meta property=\"og:url\" content=\"https:\/\/portugalbetano.com\/pt\/contact\/\" \/>\n<meta property=\"og:site_name\" content=\"PT Casino\" \/>\n<meta property=\"article:modified_time\" content=\"2025-12-27T15:22:43+00:00\" \/>\n<meta name=\"twitter:card\" content=\"summary_large_image\" \/>\n<meta name=\"twitter:label1\" content=\"Tempo estimado de leitura\" \/>\n\t<meta name=\"twitter:data1\" content=\"1 minuto\" \/>\n<script type=\"application\/ld+json\" class=\"yoast-schema-graph\">{\"@context\":\"https:\/\/schema.org\",\"@graph\":[{\"@type\":\"WebPage\",\"@id\":\"https:\/\/portugalbetano.com\/pt\/contact\/\",\"url\":\"https:\/\/portugalbetano.com\/pt\/contact\/\",\"name\":\"Contacto {BRAND_NAME} \u2013 Suporte ao Cliente & Assist\u00eancia 24\/7\",\"isPartOf\":{\"@id\":\"https:\/\/portugalbetano.com\/pt\/#website\"},\"datePublished\":\"2025-03-07T10:58:27+00:00\",\"dateModified\":\"2025-12-27T15:22:43+00:00\",\"description\":\"Entre em contacto com a {BRAND_NAME}. O nosso suporte ao cliente est\u00e1 dispon\u00edvel todos os dias e ajuda rapidamente com quest\u00f5es sobre conta, pagamentos, b\u00f3nus ou jogos. Utilize e-mail, chat ao vivo ou o formul\u00e1rio de contacto.\",\"breadcrumb\":{\"@id\":\"https:\/\/portugalbetano.com\/pt\/contact\/#breadcrumb\"},\"inLanguage\":\"pt-PT\",\"potentialAction\":[{\"@type\":\"ReadAction\",\"target\":[\"https:\/\/portugalbetano.com\/pt\/contact\/\"]}]},{\"@type\":\"BreadcrumbList\",\"@id\":\"https:\/\/portugalbetano.com\/pt\/contact\/#breadcrumb\",\"itemListElement\":[{\"@type\":\"ListItem\",\"position\":1,\"name\":\"PT Casino\",\"item\":\"https:\/\/portugalbetano.com\/pt\/\"},{\"@type\":\"ListItem\",\"position\":2,\"name\":\"Contacto\"}]},{\"@type\":\"WebSite\",\"@id\":\"https:\/\/portugalbetano.com\/pt\/#website\",\"url\":\"https:\/\/portugalbetano.com\/pt\/\",\"name\":\"Stake\",\"description\":\"\",\"publisher\":{\"@id\":\"https:\/\/portugalbetano.com\/pt\/#organization\"},\"potentialAction\":[{\"@type\":\"SearchAction\",\"target\":{\"@type\":\"EntryPoint\",\"urlTemplate\":\"https:\/\/portugalbetano.com\/pt\/?s={search_term_string}\"},\"query-input\":{\"@type\":\"PropertyValueSpecification\",\"valueRequired\":true,\"valueName\":\"search_term_string\"}}],\"inLanguage\":\"pt-PT\"},{\"@type\":\"Organization\",\"@id\":\"https:\/\/portugalbetano.com\/pt\/#organization\",\"name\":\"Stake\",\"url\":\"https:\/\/portugalbetano.com\/pt\/\",\"logo\":{\"@type\":\"ImageObject\",\"inLanguage\":\"pt-PT\",\"@id\":\"https:\/\/portugalbetano.com\/pt\/#\/schema\/logo\/image\/\",\"url\":\"https:\/\/portugalbetano.com\/pt\/wp-content\/uploads\/2025\/12\/betano-logo-lg.DJ-2layv-e1766989483825.webp\",\"contentUrl\":\"https:\/\/portugalbetano.com\/pt\/wp-content\/uploads\/2025\/12\/betano-logo-lg.DJ-2layv-e1766989483825.webp\",\"width\":149,\"height\":45,\"caption\":\"Stake\"},\"image\":{\"@id\":\"https:\/\/portugalbetano.com\/pt\/#\/schema\/logo\/image\/\"}}]}<\/script>\n<!-- \/ Yoast SEO plugin. -->","yoast_head_json":{"title":"Contacto {BRAND_NAME} \u2013 Suporte ao Cliente & Assist\u00eancia 24\/7","description":"Entre em contacto com a {BRAND_NAME}. O nosso suporte ao cliente est\u00e1 dispon\u00edvel todos os dias e ajuda rapidamente com quest\u00f5es sobre conta, pagamentos, b\u00f3nus ou jogos. Utilize e-mail, chat ao vivo ou o formul\u00e1rio de contacto.","robots":{"index":"index","follow":"follow","max-snippet":"max-snippet:-1","max-image-preview":"max-image-preview:large","max-video-preview":"max-video-preview:-1"},"canonical":"https:\/\/portugalbetano.com\/pt\/contact\/","og_locale":"pt_PT","og_type":"article","og_title":"Contacto {BRAND_NAME} \u2013 Suporte ao Cliente & Assist\u00eancia 24\/7","og_description":"Entre em contacto com a {BRAND_NAME}. O nosso suporte ao cliente est\u00e1 dispon\u00edvel todos os dias e ajuda rapidamente com quest\u00f5es sobre conta, pagamentos, b\u00f3nus ou jogos. Utilize e-mail, chat ao vivo ou o formul\u00e1rio de contacto.","og_url":"https:\/\/portugalbetano.com\/pt\/contact\/","og_site_name":"PT Casino","article_modified_time":"2025-12-27T15:22:43+00:00","twitter_card":"summary_large_image","twitter_misc":{"Tempo estimado de leitura":"1 minuto"},"schema":{"@context":"https:\/\/schema.org","@graph":[{"@type":"WebPage","@id":"https:\/\/portugalbetano.com\/pt\/contact\/","url":"https:\/\/portugalbetano.com\/pt\/contact\/","name":"Contacto {BRAND_NAME} \u2013 Suporte ao Cliente & Assist\u00eancia 24\/7","isPartOf":{"@id":"https:\/\/portugalbetano.com\/pt\/#website"},"datePublished":"2025-03-07T10:58:27+00:00","dateModified":"2025-12-27T15:22:43+00:00","description":"Entre em contacto com a {BRAND_NAME}. O nosso suporte ao cliente est\u00e1 dispon\u00edvel todos os dias e ajuda rapidamente com quest\u00f5es sobre conta, pagamentos, b\u00f3nus ou jogos. Utilize e-mail, chat ao vivo ou o formul\u00e1rio de contacto.","breadcrumb":{"@id":"https:\/\/portugalbetano.com\/pt\/contact\/#breadcrumb"},"inLanguage":"pt-PT","potentialAction":[{"@type":"ReadAction","target":["https:\/\/portugalbetano.com\/pt\/contact\/"]}]},{"@type":"BreadcrumbList","@id":"https:\/\/portugalbetano.com\/pt\/contact\/#breadcrumb","itemListElement":[{"@type":"ListItem","position":1,"name":"PT Casino","item":"https:\/\/portugalbetano.com\/pt\/"},{"@type":"ListItem","position":2,"name":"Contacto"}]},{"@type":"WebSite","@id":"https:\/\/portugalbetano.com\/pt\/#website","url":"https:\/\/portugalbetano.com\/pt\/","name":"Stake","description":"","publisher":{"@id":"https:\/\/portugalbetano.com\/pt\/#organization"},"potentialAction":[{"@type":"SearchAction","target":{"@type":"EntryPoint","urlTemplate":"https:\/\/portugalbetano.com\/pt\/?s={search_term_string}"},"query-input":{"@type":"PropertyValueSpecification","valueRequired":true,"valueName":"search_term_string"}}],"inLanguage":"pt-PT"},{"@type":"Organization","@id":"https:\/\/portugalbetano.com\/pt\/#organization","name":"Stake","url":"https:\/\/portugalbetano.com\/pt\/","logo":{"@type":"ImageObject","inLanguage":"pt-PT","@id":"https:\/\/portugalbetano.com\/pt\/#\/schema\/logo\/image\/","url":"https:\/\/portugalbetano.com\/pt\/wp-content\/uploads\/2025\/12\/betano-logo-lg.DJ-2layv-e1766989483825.webp","contentUrl":"https:\/\/portugalbetano.com\/pt\/wp-content\/uploads\/2025\/12\/betano-logo-lg.DJ-2layv-e1766989483825.webp","width":149,"height":45,"caption":"Stake"},"image":{"@id":"https:\/\/portugalbetano.com\/pt\/#\/schema\/logo\/image\/"}}]}},"lang":false,"translations":[],"_links":{"self":[{"href":"https:\/\/portugalbetano.com\/pt\/wp-json\/wp\/v2\/pages\/487","targetHints":{"allow":["GET"]}}],"collection":[{"href":"https:\/\/portugalbetano.com\/pt\/wp-json\/wp\/v2\/pages"}],"about":[{"href":"https:\/\/portugalbetano.com\/pt\/wp-json\/wp\/v2\/types\/page"}],"author":[{"embeddable":true,"href":"https:\/\/portugalbetano.com\/pt\/wp-json\/wp\/v2\/users\/1"}],"replies":[{"embeddable":true,"href":"https:\/\/portugalbetano.com\/pt\/wp-json\/wp\/v2\/comments?post=487"}],"version-history":[{"count":6,"href":"https:\/\/portugalbetano.com\/pt\/wp-json\/wp\/v2\/pages\/487\/revisions"}],"predecessor-version":[{"id":661,"href":"https:\/\/portugalbetano.com\/pt\/wp-json\/wp\/v2\/pages\/487\/revisions\/661"}],"wp:attachment":[{"href":"https:\/\/portugalbetano.com\/pt\/wp-json\/wp\/v2\/media?parent=487"}],"curies":[{"name":"wp","href":"https:\/\/api.w.org\/{rel}","templated":true}]}}